{"id":31,"date":"2026-03-04T16:06:24","date_gmt":"2026-03-04T13:06:24","guid":{"rendered":"https:\/\/ge401ge402.bilkent.edu.tr\/Tarin\/?page_id=31"},"modified":"2026-04-08T08:29:25","modified_gmt":"2026-04-08T05:29:25","slug":"hakkimizda","status":"publish","type":"page","link":"https:\/\/ge401ge402.bilkent.edu.tr\/Tarin\/hakkimizda\/","title":{"rendered":"Hakk\u0131m\u0131zda"},"content":{"rendered":"\n<p>Tarin olarak kentsel evler i\u00e7in mod\u00fcler, uygulama kontroll\u00fc ak\u0131ll\u0131 bah\u00e7e sistemleri sunmaktay\u0131z. Otomatik sens\u00f6rlere sahip kendi kendini sulayan saks\u0131lar\u0131m\u0131z, otlar, ye\u015fillikler ve s\u00fcs bitkileri yeti\u015ftirmeyi kolayla\u015ft\u0131r\u0131r; tahmine gerek yok, stres yok.<\/p>\n\n\n\n<p>Temel \u0130\u015fletme Hedeflerimiz:<\/p>\n\n\n\n<ul class=\"wp-block-list\">\n<li>\u015eeffafl\u0131k ve kullan\u0131c\u0131 kontrol\u00fc yoluyla g\u00fcven olu\u015fturan, g\u00fcvenilir, &#8220;kur ve unut&#8221; kolayl\u0131\u011f\u0131 sa\u011flamak.<\/li>\n\n\n\n<li>S\u00fcrd\u00fcr\u00fclebilir ev bah\u00e7ecili\u011fini, tasar\u0131m bilincine sahip kentsel sakinler i\u00e7in eri\u015filebilir ve \u00e7ekici hale getirmek.<\/li>\n\n\n\n<li>Modern ya\u015fam alanlar\u0131na sorunsuz bir \u015fekilde entegre olan \u015f\u0131k, minimalist esteti\u011fi vurgulamak.<\/li>\n\n\n\n<li>Mod\u00fcler b\u00f6lmeler ve aksesuarlardan olu\u015fan \u00f6l\u00e7eklenebilir bir ekosistem arac\u0131l\u0131\u011f\u0131yla uzun vadeli m\u00fc\u015fteri ili\u015fkileri geli\u015ftirmek.<\/li>\n<\/ul>\n\n\n\n<p>Markam\u0131z\u0131 \u015fu \u015fekilde tan\u0131mlayabiliriz:<\/p>\n\n\n\n<ul class=\"wp-block-list\">\n<li>Yenilik\u00e7i: \u015eirketimiz, ak\u0131ll\u0131 \u00e7\u00f6z\u00fcmler sunmak i\u00e7in teknolojiyi do\u011fayla harmanl\u0131yor.<\/li>\n\n\n\n<li>G\u00fcvenilir: Ak\u0131ll\u0131 ev ara\u00e7 \u00e7\u00f6z\u00fcmlerinin ge\u00e7erlili\u011fini sa\u011flayan tutarl\u0131, otomatik veriler sunuyor.<\/li>\n\n\n\n<li>Destekleyici: Ev i\u015flerinin zorlu y\u00f6nlerini kolayla\u015ft\u0131r\u0131yor.<\/li>\n<\/ul>\n\n\n\n<p>Temel de\u011ferlerimiz:<\/p>\n\n\n\n<ul class=\"wp-block-list\">\n<li>\u015eeffafl\u0131k: Kullan\u0131c\u0131lara, bitkilerinin veya di\u011fer ak\u0131ll\u0131 ev \u00e7\u00f6z\u00fcmlerinin durumunu anlamalar\u0131 i\u00e7in do\u011fru, ger\u00e7ek zamanl\u0131 veriler sa\u011flamak.<\/li>\n\n\n\n<li>Sadelik: G\u00fcnl\u00fck hayata kolayca entegre olan ve zahmetsiz bak\u0131m sunan \u00e7\u00f6z\u00fcmler tasarlamak.<\/li>\n<\/ul>\n\n\n\n<p>Ekibimiz:<\/p>\n\n\n\n<figure class=\"wp-block-image size-full\"><img loading=\"lazy\" decoding=\"async\" width=\"1746\" height=\"939\" src=\"https:\/\/ge401ge402.bilkent.edu.tr\/Tarin\/wp-content\/uploads\/2026\/04\/ekibimiz-Ekran-goruntusu-2026-04-08-082840.png\" alt=\"\" class=\"wp-image-121\"\/><\/figure>\n","protected":false},"excerpt":{"rendered":"<p>Tarin olarak kentsel evler i\u00e7in mod\u00fcler, uygulama kontroll\u00fc ak\u0131ll\u0131 bah\u00e7e sistemleri sunmaktay\u0131z. Otomatik sens\u00f6rlere sahip kendi kendini sulayan saks\u0131lar\u0131m\u0131z, otlar, ye\u015fillikler ve s\u00fcs bitkileri yeti\u015ftirmeyi kolayla\u015ft\u0131r\u0131r; tahmine gerek yok, stres yok. Temel \u0130\u015fletme Hedeflerimiz: Markam\u0131z\u0131 \u015fu \u015fekilde tan\u0131mlayabiliriz: Temel de\u011ferlerimiz: Ekibimiz:<\/p>\n","protected":false},"author":1,"featured_media":0,"parent":0,"menu_order":0,"comment_status":"closed","ping_status":"closed","template":"","meta":{"footnotes":""},"class_list":["post-31","page","type-page","status-publish","hentry"],"jetpack_sharing_enabled":true,"_links":{"self":[{"href":"https:\/\/ge401ge402.bilkent.edu.tr\/Tarin\/wp-json\/wp\/v2\/pages\/31","targetHints":{"allow":["GET"]}}],"collection":[{"href":"https:\/\/ge401ge402.bilkent.edu.tr\/Tarin\/wp-json\/wp\/v2\/pages"}],"about":[{"href":"https:\/\/ge401ge402.bilkent.edu.tr\/Tarin\/wp-json\/wp\/v2\/types\/page"}],"author":[{"embeddable":true,"href":"https:\/\/ge401ge402.bilkent.edu.tr\/Tarin\/wp-json\/wp\/v2\/users\/1"}],"replies":[{"embeddable":true,"href":"https:\/\/ge401ge402.bilkent.edu.tr\/Tarin\/wp-json\/wp\/v2\/comments?post=31"}],"version-history":[{"count":8,"href":"https:\/\/ge401ge402.bilkent.edu.tr\/Tarin\/wp-json\/wp\/v2\/pages\/31\/revisions"}],"predecessor-version":[{"id":122,"href":"https:\/\/ge401ge402.bilkent.edu.tr\/Tarin\/wp-json\/wp\/v2\/pages\/31\/revisions\/122"}],"wp:attachment":[{"href":"https:\/\/ge401ge402.bilkent.edu.tr\/Tarin\/wp-json\/wp\/v2\/media?parent=31"}],"curies":[{"name":"wp","href":"https:\/\/api.w.org\/{rel}","templated":true}]}}