{"id":1371,"date":"2026-04-06T11:20:19","date_gmt":"2026-04-06T11:20:19","guid":{"rendered":"https:\/\/ge401ge402.bilkent.edu.tr\/Respira\/?page_id=1371"},"modified":"2026-04-06T13:40:26","modified_gmt":"2026-04-06T13:40:26","slug":"blog","status":"publish","type":"page","link":"https:\/\/ge401ge402.bilkent.edu.tr\/Respira\/index.php\/blog\/","title":{"rendered":"Blog"},"content":{"rendered":"<style>.elementor-1371 .elementor-element.elementor-element-f9f085b{--display:flex;--min-height:100vh;--justify-content:center;}.elementor-1371 .elementor-element.elementor-element-f9f085b:not(.elementor-motion-effects-element-type-background), .elementor-1371 .elementor-element.elementor-element-f9f085b > .elementor-motion-effects-container > .elementor-motion-effects-layer{background-image:url(\"https:\/\/ge401ge402.bilkent.edu.tr\/Respira\/wp-content\/uploads\/2026\/03\/Unknown.jpeg\");background-position:center center;background-repeat:no-repeat;background-size:cover;}.elementor-1371 .elementor-element.elementor-element-dc31e94{--display:flex;--min-height:62vh;--justify-content:flex-end;}.elementor-1371 .elementor-element.elementor-element-8db5bf9{--display:flex;--align-items:center;--container-widget-width:calc( ( 1 - var( --container-widget-flex-grow ) ) * 100% );}.elementor-1371 .elementor-element.elementor-element-bc23884{--display:flex;}.elementor-widget-image .widget-image-caption{color:var( --e-global-color-text );font-family:var( --e-global-typography-text-font-family ), Sans-serif;font-size:var( --e-global-typography-text-font-size );font-weight:var( --e-global-typography-text-font-weight );line-height:var( --e-global-typography-text-line-height );letter-spacing:var( --e-global-typography-text-letter-spacing );}.elementor-1371 .elementor-element.elementor-element-6499068{text-align:center;}.elementor-1371 .elementor-element.elementor-element-6499068 img{width:40%;max-width:40%;}.elementor-widget-heading .elementor-heading-title{font-family:var( --e-global-typography-primary-font-family ), Sans-serif;font-size:var( --e-global-typography-primary-font-size );font-weight:var( --e-global-typography-primary-font-weight );line-height:var( --e-global-typography-primary-line-height );letter-spacing:var( --e-global-typography-primary-letter-spacing );color:var( --e-global-color-primary );}.elementor-1371 .elementor-element.elementor-element-1fc751f{text-align:center;padding:57px 0px 0px 0px;}.elementor-1371 .elementor-element.elementor-element-1fc751f .elementor-heading-title{font-family:\"Playfair Display\", Sans-serif;font-size:48px;font-weight:900;font-style:italic;line-height:56px;letter-spacing:-0.02px;text-shadow:0px 0px 10px rgba(0, 0, 0, 0.5);color:var( --e-global-color-e587389 );}.elementor-1371 .elementor-element.elementor-element-4f2a768{--display:flex;--min-height:1440px;--flex-direction:column;--container-widget-width:calc( ( 1 - var( --container-widget-flex-grow ) ) * 100% );--container-widget-height:initial;--container-widget-flex-grow:0;--container-widget-align-self:initial;--flex-wrap-mobile:wrap;--justify-content:center;--align-items:center;}.elementor-1371 .elementor-element.elementor-element-4f2a768:not(.elementor-motion-effects-element-type-background), .elementor-1371 .elementor-element.elementor-element-4f2a768 > .elementor-motion-effects-container > .elementor-motion-effects-layer{background-image:url(\"https:\/\/ge401ge402.bilkent.edu.tr\/Respira\/wp-content\/uploads\/2026\/04\/Gemini_Generated_Image_te9bqxte9bqxte9b.png\");background-position:center center;background-size:cover;}.elementor-1371 .elementor-element.elementor-element-b8f7a81{--spacer-size:204px;}.elementor-1371 .elementor-element.elementor-element-b8f7a81.elementor-element{--align-self:center;}.elementor-1371 .elementor-element.elementor-element-efffb81{--display:flex;--flex-direction:column;--container-widget-width:calc( ( 1 - var( --container-widget-flex-grow ) ) * 100% );--container-widget-height:initial;--container-widget-flex-grow:0;--container-widget-align-self:initial;--flex-wrap-mobile:wrap;--justify-content:center;--align-items:center;}.elementor-1371 .elementor-element.elementor-element-efffb81.e-con{--align-self:center;}.elementor-1371 .elementor-element.elementor-element-b7e47f9{--display:flex;--flex-direction:column;--container-widget-width:calc( ( 1 - var( --container-widget-flex-grow ) ) * 100% );--container-widget-height:initial;--container-widget-flex-grow:0;--container-widget-align-self:initial;--flex-wrap-mobile:wrap;--justify-content:center;--align-items:center;--margin-top:0px;--margin-bottom:0px;--margin-left:-30px;--margin-right:-30px;--padding-top:16px;--padding-bottom:16px;--padding-left:0px;--padding-right:0px;}.elementor-1371 .elementor-element.elementor-element-b7e47f9.e-con{--align-self:center;}.elementor-1371 .elementor-element.elementor-element-83481d4{text-align:center;}.elementor-1371 .elementor-element.elementor-element-83481d4 .elementor-heading-title{font-family:\"Inter\", Sans-serif;font-size:48px;font-weight:600;line-height:56px;letter-spacing:-0.02px;text-shadow:0px 0px 10px rgba(0, 0, 0, 0.83);}.elementor-1371 .elementor-element.elementor-element-83481d4.elementor-element{--align-self:center;}.elementor-1371 .elementor-element.elementor-element-2f324c1.elementor-element{--align-self:center;}.elementor-1371 .elementor-element.elementor-element-a4323a4{--spacer-size:222px;}.elementor-1371 .elementor-element.elementor-element-a313513{--display:flex;}.elementor-1371 .elementor-element.elementor-element-f562b43{text-align:center;padding:30px 10px 30px 10px;}.elementor-1371 .elementor-element.elementor-element-f562b43 .elementor-heading-title{font-family:\"Inter\", Sans-serif;font-size:48px;font-weight:600;line-height:56px;letter-spacing:-0.02px;text-shadow:0px 0px 10px rgba(0, 0, 0, 0.83);}.elementor-1371 .elementor-element.elementor-element-9da07f0{--display:flex;}.elementor-1371 .elementor-element.elementor-element-236e333{--display:flex;}.elementor-1371 .elementor-element.elementor-element-a1f4118{--spacer-size:263px;}.elementor-1371 .elementor-element.elementor-element-81c170c{--spacer-size:50px;}.elementor-1371 .elementor-element.elementor-element-dade2b6{--display:flex;}.elementor-1371 .elementor-element.elementor-element-fba3a82{--display:flex;}.elementor-1371 .elementor-element.elementor-element-017140d{text-align:center;padding:30px 10px 30px 10px;}.elementor-1371 .elementor-element.elementor-element-017140d .elementor-heading-title{font-family:\"Inter\", Sans-serif;font-size:48px;font-weight:600;line-height:56px;letter-spacing:-0.02px;text-shadow:0px 0px 10px rgba(255, 255, 255, 0.68);}.elementor-1371 .elementor-element.elementor-element-0499eaa img{border-style:solid;border-width:1px 1px 1px 1px;border-radius:20px 20px 20px 20px;}.elementor-1371 .elementor-element.elementor-element-0499eaa{padding:32px 32px 32px 32px;}.elementor-1371 .elementor-element.elementor-element-06e01a7{--spacer-size:50px;}.elementor-1371 .elementor-element.elementor-element-d687b31{--display:flex;}body.elementor-page-1371:not(.elementor-motion-effects-element-type-background), body.elementor-page-1371 > .elementor-motion-effects-container > .elementor-motion-effects-layer{background-color:#0E0E0E;}@media(min-width:768px){.elementor-1371 .elementor-element.elementor-element-efffb81{--content-width:60%;}.elementor-1371 .elementor-element.elementor-element-b7e47f9{--width:60%;}.elementor-1371 .elementor-element.elementor-element-9da07f0{--width:70%;}}@media(max-width:1366px){.elementor-widget-image .widget-image-caption{font-size:var( --e-global-typography-text-font-size );line-height:var( --e-global-typography-text-line-height );letter-spacing:var( --e-global-typography-text-letter-spacing );}.elementor-widget-heading .elementor-heading-title{font-size:var( --e-global-typography-primary-font-size );line-height:var( --e-global-typography-primary-line-height );letter-spacing:var( --e-global-typography-primary-letter-spacing );}}@media(max-width:1024px){.elementor-widget-image .widget-image-caption{font-size:var( --e-global-typography-text-font-size );line-height:var( --e-global-typography-text-line-height );letter-spacing:var( --e-global-typography-text-letter-spacing );}.elementor-widget-heading .elementor-heading-title{font-size:var( --e-global-typography-primary-font-size );line-height:var( --e-global-typography-primary-line-height );letter-spacing:var( --e-global-typography-primary-letter-spacing );}}@media(max-width:767px){.elementor-widget-image .widget-image-caption{font-size:var( --e-global-typography-text-font-size );line-height:var( --e-global-typography-text-line-height );letter-spacing:var( --e-global-typography-text-letter-spacing );}.elementor-1371 .elementor-element.elementor-element-6499068 img{width:58%;max-width:58%;}.elementor-widget-heading .elementor-heading-title{font-size:var( --e-global-typography-primary-font-size );line-height:var( --e-global-typography-primary-line-height );letter-spacing:var( --e-global-typography-primary-letter-spacing );}.elementor-1371 .elementor-element.elementor-element-83481d4{text-align:center;padding:16px 16px 16px 16px;}.elementor-1371 .elementor-element.elementor-element-83481d4 .elementor-heading-title{font-size:30px;}.elementor-1371 .elementor-element.elementor-element-a313513{--width:94%;--justify-content:center;}.elementor-1371 .elementor-element.elementor-element-f562b43{text-align:center;padding:16px 16px 16px 16px;}.elementor-1371 .elementor-element.elementor-element-f562b43 .elementor-heading-title{font-size:30px;}.elementor-1371 .elementor-element.elementor-element-2e755f8{width:var( --container-widget-width, 91vw );max-width:91vw;--container-widget-width:91vw;--container-widget-flex-grow:0;}.elementor-1371 .elementor-element.elementor-element-2e755f8.elementor-element{--align-self:center;}.elementor-1371 .elementor-element.elementor-element-017140d{text-align:center;margin:0px 0px calc(var(--kit-widget-spacing, 0px) + 0px) 0px;padding:16px 16px 16px 16px;}.elementor-1371 .elementor-element.elementor-element-017140d .elementor-heading-title{font-size:30px;}.elementor-1371 .elementor-element.elementor-element-06e01a7{--spacer-size:179px;}}<\/style>\t\t<div data-elementor-type=\"wp-page\" data-elementor-id=\"1371\" class=\"elementor elementor-1371\">\n\t\t\t\t<div class=\"elementor-element elementor-element-f9f085b e-flex e-con-boxed e-con e-parent\" data-id=\"f9f085b\" data-element_type=\"container\" data-e-type=\"container\" data-settings=\"{&quot;background_background&quot;:&quot;classic&quot;}\">\n\t\t\t\t\t<div class=\"e-con-inner\">\n\t\t<div class=\"elementor-element elementor-element-dc31e94 e-con-full e-flex e-con e-child\" data-id=\"dc31e94\" data-element_type=\"container\" data-e-type=\"container\">\n\t\t<div class=\"elementor-element elementor-element-8db5bf9 e-con-full e-flex e-con e-child\" data-id=\"8db5bf9\" data-element_type=\"container\" data-e-type=\"container\">\n\t\t<div class=\"elementor-element elementor-element-bc23884 e-con-full e-flex e-con e-child\" data-id=\"bc23884\" data-element_type=\"container\" data-e-type=\"container\">\n\t\t\t\t<div class=\"elementor-element elementor-element-6499068 elementor-widget elementor-widget-image\" data-id=\"6499068\" data-element_type=\"widget\" data-e-type=\"widget\" data-widget_type=\"image.default\">\n\t\t\t\t\t\t\t\t\t\t\t\t\t\t\t<img fetchpriority=\"high\" decoding=\"async\" width=\"800\" height=\"450\" src=\"https:\/\/ge401ge402.bilkent.edu.tr\/Respira\/wp-content\/uploads\/2026\/03\/siyah-logoo.png\" class=\"attachment-large size-large wp-image-962\" alt=\"\" \/>\t\t\t\t\t\t\t\t\t\t\t\t\t\t\t<\/div>\n\t\t\t\t<\/div>\n\t\t\t\t<div class=\"elementor-element elementor-element-1fc751f elementor-widget elementor-widget-heading\" data-id=\"1fc751f\" data-element_type=\"widget\" data-e-type=\"widget\" data-widget_type=\"heading.default\">\n\t\t\t\t\t<h2 class=\"elementor-heading-title elementor-size-default\">Blog<\/h2>\t\t\t\t<\/div>\n\t\t\t\t<\/div>\n\t\t\t\t<\/div>\n\t\t\t\t\t<\/div>\n\t\t\t\t<\/div>\n\t\t<div class=\"elementor-element elementor-element-4f2a768 e-con-full e-flex e-con e-parent\" data-id=\"4f2a768\" data-element_type=\"container\" data-e-type=\"container\" data-settings=\"{&quot;background_background&quot;:&quot;classic&quot;}\">\n\t\t\t\t<div class=\"elementor-element elementor-element-b8f7a81 elementor-widget elementor-widget-spacer\" data-id=\"b8f7a81\" data-element_type=\"widget\" data-e-type=\"widget\" data-widget_type=\"spacer.default\">\n\t\t\t\t\t\t\t<div class=\"elementor-spacer\">\n\t\t\t<div class=\"elementor-spacer-inner\"><\/div>\n\t\t<\/div>\n\t\t\t\t\t\t<\/div>\n\t\t<div class=\"elementor-element elementor-element-efffb81 e-flex e-con-boxed e-con e-child\" data-id=\"efffb81\" data-element_type=\"container\" data-e-type=\"container\">\n\t\t\t\t\t<div class=\"e-con-inner\">\n\t\t<div class=\"elementor-element elementor-element-b7e47f9 e-con-full product-item-bg gradient-border apple-scale-effect e-flex e-con e-child\" data-id=\"b7e47f9\" data-element_type=\"container\" data-e-type=\"container\">\n\t\t\t\t<div class=\"elementor-element elementor-element-83481d4 elementor-widget elementor-widget-heading\" data-id=\"83481d4\" data-element_type=\"widget\" data-e-type=\"widget\" data-widget_type=\"heading.default\">\n\t\t\t\t\t<h2 class=\"elementor-heading-title elementor-size-default\">Traders Conference Presentation Slides<\/h2>\t\t\t\t<\/div>\n\t\t\t\t<div class=\"elementor-element elementor-element-2f324c1 elementor-widget elementor-widget-shortcode\" data-id=\"2f324c1\" data-element_type=\"widget\" data-e-type=\"widget\" data-widget_type=\"shortcode.default\">\n\t\t\t\t\t\t\t<div class=\"elementor-shortcode\"><div class=\"_df_thumb \" id=\"df_1381\"  _slug=\"1381\" data-title=\"\" wpoptions=\"true\" thumb=\"https:\/\/ge401ge402.bilkent.edu.tr\/Respira\/wp-content\/uploads\/2026\/04\/Ekran-Resmi-2026-04-06-14.40.37.png\" thumbtype=\"\" >Open Book<\/div><script class=\"df-shortcode-script\" nowprocket type=\"application\/javascript\">window.option_df_1381 = {\"outline\":[],\"backgroundColor\":\"#0e0e0e\",\"height\":\"70vh\",\"viewerType\":\"slider\",\"autoEnableOutline\":\"false\",\"autoEnableThumbnail\":\"false\",\"overwritePDFOutline\":\"false\",\"enableDownload\":\"true\",\"direction\":\"1\",\"pageSize\":\"0\",\"maxTextureSize\":\"1600\",\"source\":\"https:\\\/\\\/ge401ge402.bilkent.edu.tr\\\/Respira\\\/wp-content\\\/uploads\\\/2026\\\/04\\\/GE-401-Final-Presentation-Kopyasi.pdf\",\"wpOptions\":\"true\"}; if(window.DFLIP && window.DFLIP.parseBooks){window.DFLIP.parseBooks();}<\/script><\/div>\n\t\t\t\t\t\t<\/div>\n\t\t\t\t<\/div>\n\t\t\t\t\t<\/div>\n\t\t\t\t<\/div>\n\t\t\t\t<div class=\"elementor-element elementor-element-a4323a4 elementor-widget elementor-widget-spacer\" data-id=\"a4323a4\" data-element_type=\"widget\" data-e-type=\"widget\" data-widget_type=\"spacer.default\">\n\t\t\t\t\t\t\t<div class=\"elementor-spacer\">\n\t\t\t<div class=\"elementor-spacer-inner\"><\/div>\n\t\t<\/div>\n\t\t\t\t\t\t<\/div>\n\t\t<div class=\"elementor-element elementor-element-a313513 e-con-full product-item-bg gradient-border apple-scale-effect e-flex e-con e-child\" data-id=\"a313513\" data-element_type=\"container\" data-e-type=\"container\">\n\t\t\t\t<div class=\"elementor-element elementor-element-f562b43 elementor-widget elementor-widget-heading\" data-id=\"f562b43\" data-element_type=\"widget\" data-e-type=\"widget\" data-widget_type=\"heading.default\">\n\t\t\t\t\t<h2 class=\"elementor-heading-title elementor-size-default\">Traders Conference Presentation (03.04.2026)<\/h2>\t\t\t\t<\/div>\n\t\t\t\t<\/div>\n\t\t<div class=\"elementor-element elementor-element-9da07f0 e-con-full e-flex e-con e-child\" data-id=\"9da07f0\" data-element_type=\"container\" data-e-type=\"container\">\n\t\t<div class=\"elementor-element elementor-element-236e333 e-con-full e-flex e-con e-child\" data-id=\"236e333\" data-element_type=\"container\" data-e-type=\"container\">\n\t\t\t\t<div class=\"elementor-element elementor-element-a1f4118 elementor-widget elementor-widget-spacer\" data-id=\"a1f4118\" data-element_type=\"widget\" data-e-type=\"widget\" data-widget_type=\"spacer.default\">\n\t\t\t\t\t\t\t<div class=\"elementor-spacer\">\n\t\t\t<div class=\"elementor-spacer-inner\"><\/div>\n\t\t<\/div>\n\t\t\t\t\t\t<\/div>\n\t\t\t\t<div class=\"elementor-element elementor-element-81c170c elementor-widget elementor-widget-spacer\" data-id=\"81c170c\" data-element_type=\"widget\" data-e-type=\"widget\" data-widget_type=\"spacer.default\">\n\t\t\t\t\t\t\t<div class=\"elementor-spacer\">\n\t\t\t<div class=\"elementor-spacer-inner\"><\/div>\n\t\t<\/div>\n\t\t\t\t\t\t<\/div>\n\t\t<div class=\"elementor-element elementor-element-dade2b6 e-con-full product-item-bg gradient-border apple-scale-effect e-flex e-con e-child\" data-id=\"dade2b6\" data-element_type=\"container\" data-e-type=\"container\">\n\t\t<div class=\"elementor-element elementor-element-fba3a82 e-con-full e-flex elementor-invisible e-con e-child\" data-id=\"fba3a82\" data-element_type=\"container\" data-e-type=\"container\" data-settings=\"{&quot;animation&quot;:&quot;fadeIn&quot;}\">\n\t\t\t\t<div class=\"elementor-element elementor-element-017140d elementor-widget elementor-widget-heading\" data-id=\"017140d\" data-element_type=\"widget\" data-e-type=\"widget\" data-widget_type=\"heading.default\">\n\t\t\t\t\t<h2 class=\"elementor-heading-title elementor-size-default\">Traders Conference Foyer Area Stand (03.04.2026)<\/h2>\t\t\t\t<\/div>\n\t\t\t\t<div class=\"elementor-element elementor-element-0499eaa elementor-widget elementor-widget-image\" data-id=\"0499eaa\" data-element_type=\"widget\" data-e-type=\"widget\" data-widget_type=\"image.default\">\n\t\t\t\t\t\t\t\t\t\t\t\t\t\t\t<img decoding=\"async\" width=\"800\" height=\"533\" src=\"https:\/\/ge401ge402.bilkent.edu.tr\/Respira\/wp-content\/uploads\/2026\/04\/DigiTriflo_001.png\" class=\"attachment-large size-large wp-image-1441\" alt=\"\" \/>\t\t\t\t\t\t\t\t\t\t\t\t\t\t\t<\/div>\n\t\t\t\t<\/div>\n\t\t\t\t<\/div>\n\t\t\t\t<div class=\"elementor-element elementor-element-06e01a7 elementor-widget elementor-widget-spacer\" data-id=\"06e01a7\" data-element_type=\"widget\" data-e-type=\"widget\" data-widget_type=\"spacer.default\">\n\t\t\t\t\t\t\t<div class=\"elementor-spacer\">\n\t\t\t<div class=\"elementor-spacer-inner\"><\/div>\n\t\t<\/div>\n\t\t\t\t\t\t<\/div>\n\t\t\t\t<\/div>\n\t\t\t\t<\/div>\n\t\t\t\t<\/div>\n\t\t<div class=\"elementor-element elementor-element-d687b31 e-flex e-con-boxed e-con e-parent\" data-id=\"d687b31\" data-element_type=\"container\" data-e-type=\"container\">\n\t\t\t\t\t<div class=\"e-con-inner\">\n\t\t\t\t<div class=\"elementor-element elementor-element-0b30362 elementor-widget elementor-widget-html\" data-id=\"0b30362\" data-element_type=\"widget\" data-e-type=\"widget\" data-widget_type=\"html.default\">\n\t\t\t\t\t<style>\n\/* =========================================================\n   1. SAF L\u0130QU\u0130D GLASS KUTULAR\n   ========================================================= *\/\n.product-item-bg {\n    background: rgba(255, 255, 255, 0.01) !important;\n    backdrop-filter: blur(7px) saturate(200%) !important;\n    -webkit-backdrop-filter: blur(7px) saturate(200%);\n    box-shadow: inset 0 0 0 1px rgba(255, 255, 255, 0.05), 0 8px 32px 0 rgba(0, 0, 0, 0.1) !important;\n    border: 1px solid rgba(255, 255, 255, 0.08) !important;\n    border-radius: 20px;\n    transition: all 0.4s ease;\n}\n.product-item-bg:hover {\n    background: rgba(255, 255, 255, 0.02) !important;\n    transform: translateY(-2px);\n}\n\n\/* =========================================================\n   2. SAF CAM KENARLIKLARI\n   ========================================================= *\/\n.gradient-border::before, .gradient-border::after {\n    content: \"\"; position: absolute; left: 50%; transform: translateX(-50%);\n    width: 100%; height: 1px; border: none !important; border-radius: 20px;\n    pointer-events: none; z-index: 2;\n}\n.gradient-border::before { top: 0; background: radial-gradient(circle at center, rgba(255, 255, 255, 0.4) 0%, rgba(255, 255, 255, 0) 80%) !important; }\n.gradient-border::after { bottom: 0; background: radial-gradient(circle at center, rgba(255, 255, 255, 0.3) 0%, rgba(255, 255, 255, 0) 80%) !important; }\n\n\/* =========================================================\n   3. SLIDER ELEMANLARI (Gerekirse haz\u0131r)\n   ========================================================= *\/\n.slider-item {\n    background: rgba(255, 255, 255, 0.01) !important;\n    backdrop-filter: blur(7px) saturate(200%) !important;\n    -webkit-backdrop-filter: blur(7px) saturate(200%);\n    box-shadow: inset 0 0 0 1px rgba(255, 255, 255, 0.05), 0 4px 20px 0 rgba(0, 0, 0, 0.08) !important;\n    border: 1px solid rgba(255, 255, 255, 0.05) !important;\n    border-radius: 20px; transition: all 0.4s ease;\n}\n.slider-item:hover { background: rgba(255, 255, 255, 0.02) !important; }\n\n.parent-container { width: 100%; overflow: hidden; position: relative; }\n.slider-track-left, .slider-track-right { display: flex; width: max-content; }\n.slider-track-left { animation: slideLeft 40s linear infinite; }\n.slider-track-right { animation: slideRight 40s linear infinite; }\n.slider-track-left:hover, .slider-track-right:hover { animation-play-state: paused; }\n@keyframes slideLeft { 0% { transform: translateX(0); } 100% { transform: translateX(calc(-100% \/ 2)); } }\n@keyframes slideRight { 0% { transform: translateX(calc(-100% \/ 2)); } 100% { transform: translateX(0); } }\n.slider-content { display: flex !important; flex-wrap: nowrap !important; }\n.parent-container::before {\n    content: \"\"; position: absolute; top: 0; left: 0; width: 100%; height: 100%;\n    background: linear-gradient(270deg, #030116 0%, rgba(0, 22, 22, 0) 30%, rgba(0, 22, 22, 0) 70%, #030116 100%);\n    pointer-events: none; z-index: 2; \n}\n\n\/* =========================================================\n   4. L\u0130QU\u0130D T\u0130POGRAF\u0130\n   ========================================================= *\/\n.product-item-bg h1, .product-item-bg h2, .product-item-bg h3, .product-item-bg p,\n.slider-item h1, .slider-item h2, .slider-item h3, .slider-item p {\n    text-shadow: 0px 2px 4px rgba(0, 0, 0, 0.4) !important;\n    transition: text-shadow 0.3s ease !important;\n    -webkit-font-smoothing: antialiased; -moz-osx-font-smoothing: grayscale;\n}\n.product-item-bg:hover h1, .product-item-bg:hover h2, .product-item-bg:hover h3, .product-item-bg:hover p,\n.slider-item:hover h1, .slider-item:hover h2, .slider-item:hover h3, .slider-item:hover p {\n    text-shadow: 0px 4px 8px rgba(0, 0, 0, 0.5), 0px 0px 10px rgba(255, 255, 255, 0.4) !important;\n}\n\n\/* =========================================================\n   5. APPLE SCROLL \u00d6L\u00c7EKLEME EFEKT\u0130 (\u00c7ak\u0131\u015fmalar Temizlendi)\n   ========================================================= *\/\n.apple-scale-effect {\n    will-change: transform;\n    transform-origin: center center;\n    backface-visibility: hidden;\n    -webkit-backface-visibility: hidden;\n    display: block; \n    width: 100%; \n    \/* transition silindi, JS ile \u00e7ak\u0131\u015fmas\u0131 engellendi *\/\n}\n<\/style>\n\n<script src=\"https:\/\/unpkg.com\/@studio-freight\/lenis@1.0.42\/dist\/lenis.min.js\"><\/script>\n<style>\nhtml.lenis, html.lenis body { height: auto; }\n.lenis.lenis-smooth { scroll-behavior: auto !important; }\n.lenis.lenis-smooth [data-lenis-prevent] { overscroll-behavior: contain; }\n.lenis.lenis-stopped { overflow: hidden; }\n.lenis.lenis-smooth iframe { pointer-events: none; }\n<\/style>\n\n<script>\ndocument.addEventListener(\"DOMContentLoaded\", function() {\n    \/\/ 1. Lenis Smooth Scroll Motoru (Anduril Ak\u0131c\u0131l\u0131\u011f\u0131 - 1.3s)\n    const lenis = new Lenis({\n        duration: 1.3,\n        easing: (t) => Math.min(1, 1.001 - Math.pow(2, -10 * t)), \n        direction: 'vertical',\n        smooth: true,\n        smoothTouch: false, \n    });\n\n    \/\/ 2. Apple Scale Elementlerini Yakala\n    const scalableElements = document.querySelectorAll('.apple-scale-effect');\n\n    \/\/ 3. Tek bir 60fps Render Motorunda Her \u015eeyi Birle\u015ftir\n    function raf(time) {\n        lenis.raf(time); \/\/ Kayd\u0131rmay\u0131 p\u00fcr\u00fczs\u00fczle\u015ftir\n\n        \/\/ Kayarken elementleri p\u00fcr\u00fczs\u00fczce \u00f6l\u00e7ekle\n        if (scalableElements.length > 0) {\n            const viewportCenter = window.innerHeight \/ 2;\n            scalableElements.forEach(el => {\n                const rect = el.getBoundingClientRect();\n                const elementCenter = rect.top + rect.height \/ 2;\n                const distance = Math.abs(viewportCenter - elementCenter);\n                const maxDistance = window.innerHeight * 0.6;\n                \n                let scale = 1 - (distance \/ maxDistance) * 0.15;\n                scale = Math.max(0.85, Math.min(scale, 1));\n                \n                el.style.transform = `scale(${scale})`;\n            });\n        }\n        requestAnimationFrame(raf);\n    }\n    requestAnimationFrame(raf);\n});\n<\/script>\t\t\t\t<\/div>\n\t\t\t\t\t<\/div>\n\t\t\t\t<\/div>\n\t\t\t\t<\/div>\n\t\t","protected":false},"excerpt":{"rendered":"<p>Blog Traders Conference Presentation Slides Traders Conference Presentation (03.04.2026) Traders Conference Foyer Area Stand (03.04.2026)<\/p>\n","protected":false},"author":1,"featured_media":0,"parent":0,"menu_order":0,"comment_status":"closed","ping_status":"closed","template":"elementor_header_footer","meta":{"postBodyCss":"","postBodyMargin":[],"postBodyPadding":[],"postBodyBackground":{"backgroundType":"classic","gradient":""},"footnotes":""},"class_list":["post-1371","page","type-page","status-publish","hentry"],"_links":{"self":[{"href":"https:\/\/ge401ge402.bilkent.edu.tr\/Respira\/index.php\/wp-json\/wp\/v2\/pages\/1371","targetHints":{"allow":["GET"]}}],"collection":[{"href":"https:\/\/ge401ge402.bilkent.edu.tr\/Respira\/index.php\/wp-json\/wp\/v2\/pages"}],"about":[{"href":"https:\/\/ge401ge402.bilkent.edu.tr\/Respira\/index.php\/wp-json\/wp\/v2\/types\/page"}],"author":[{"embeddable":true,"href":"https:\/\/ge401ge402.bilkent.edu.tr\/Respira\/index.php\/wp-json\/wp\/v2\/users\/1"}],"replies":[{"embeddable":true,"href":"https:\/\/ge401ge402.bilkent.edu.tr\/Respira\/index.php\/wp-json\/wp\/v2\/comments?post=1371"}],"version-history":[{"count":46,"href":"https:\/\/ge401ge402.bilkent.edu.tr\/Respira\/index.php\/wp-json\/wp\/v2\/pages\/1371\/revisions"}],"predecessor-version":[{"id":1453,"href":"https:\/\/ge401ge402.bilkent.edu.tr\/Respira\/index.php\/wp-json\/wp\/v2\/pages\/1371\/revisions\/1453"}],"wp:attachment":[{"href":"https:\/\/ge401ge402.bilkent.edu.tr\/Respira\/index.php\/wp-json\/wp\/v2\/media?parent=1371"}],"curies":[{"name":"wp","href":"https:\/\/api.w.org\/{rel}","templated":true}]}}