{"id":1017,"date":"2026-03-30T03:59:36","date_gmt":"2026-03-30T03:59:36","guid":{"rendered":"https:\/\/ge401ge402.bilkent.edu.tr\/Respira\/?page_id=1017"},"modified":"2026-04-06T13:16:56","modified_gmt":"2026-04-06T13:16:56","slug":"contact","status":"publish","type":"page","link":"https:\/\/ge401ge402.bilkent.edu.tr\/Respira\/index.php\/contact\/","title":{"rendered":"Contact"},"content":{"rendered":"<style>.elementor-1017 .elementor-element.elementor-element-472d102{--display:flex;--min-height:100vh;--flex-direction:row;--container-widget-width:initial;--container-widget-height:100%;--container-widget-flex-grow:1;--container-widget-align-self:stretch;--flex-wrap-mobile:wrap;--gap:0px 0px;--row-gap:0px;--column-gap:0px;--margin-top:-86px;--margin-bottom:0px;--margin-left:0px;--margin-right:0px;}.elementor-1017 .elementor-element.elementor-element-0eb0c30{--display:flex;--flex-direction:column;--container-widget-width:calc( ( 1 - var( --container-widget-flex-grow ) ) * 100% );--container-widget-height:initial;--container-widget-flex-grow:0;--container-widget-align-self:initial;--flex-wrap-mobile:wrap;--justify-content:center;--align-items:flex-start;}.elementor-1017 .elementor-element.elementor-element-0eb0c30.e-con{--flex-grow:0;--flex-shrink:0;}.elementor-1017 .elementor-element.elementor-element-89da787{--display:flex;}.elementor-1017 .elementor-element.elementor-element-f5d0a4e .jeg-elementor-kit.jkit-animated-text{text-align:center;}.elementor-1017 .elementor-element.elementor-element-f5d0a4e .jeg-elementor-kit.jkit-animated-text .animated-text .normal-text{font-family:\"Inter\", Sans-serif;font-size:60px;font-weight:700;line-height:72px;letter-spacing:-0.05px;text-shadow:0px 0px 6px rgba(255, 255, 255, 0.85);}.elementor-1017 .elementor-element.elementor-element-f5d0a4e .jeg-elementor-kit.jkit-animated-text .animated-text .normal-text.style-color{color:#FFFFFF;}.elementor-1017 .elementor-element.elementor-element-f5d0a4e .jeg-elementor-kit.jkit-animated-text .animated-text:hover .normal-text{text-shadow:0px 0px 40px rgba(10.200000000000001, 10.200000000000001, 10.200000000000001, 0.32);}.elementor-1017 .elementor-element.elementor-element-f5d0a4e .jeg-elementor-kit.jkit-animated-text .animated-text .dynamic-text{font-family:\"Playfair Display\", Sans-serif;font-size:62px;font-weight:500;font-style:italic;line-height:72px;letter-spacing:-0.05px;text-shadow:0px 0px 10px rgba(255, 255, 255, 0.7);}.elementor-1017 .elementor-element.elementor-element-f5d0a4e .jeg-elementor-kit.jkit-animated-text .animated-text .dynamic-wrapper.style-gradient:not(.typing-delete) .dynamic-text, .elementor-1017 .elementor-element.elementor-element-f5d0a4e .jeg-elementor-kit.jkit-animated-text .animated-text .dynamic-wrapper.style-gradient:not(.typing-delete) .dynamic-text .dynamic-text-letter{background-color:transparent;background-image:linear-gradient(180deg, #FFFFFF 48%, var( --e-global-color-42a9a78 ) 96%);}.elementor-1017 .elementor-element.elementor-element-f5d0a4e{margin:0px 0px calc(var(--kit-widget-spacing, 0px) + 90px) 0px;padding:21px 0px 0px 0px;width:var( --container-widget-width, 50% );max-width:50%;--container-widget-width:50%;--container-widget-flex-grow:0;}.elementor-1017 .elementor-element.elementor-element-f5d0a4e.elementor-element{--align-self:center;--flex-grow:0;--flex-shrink:0;}.elementor-1017 .elementor-element.elementor-element-bf3d44c > .elementor-widget-container{margin:0px 0px 0px 0px;padding:25px 90px 25px 8px;border-style:solid;border-width:1px 1px 1px 1px;border-color:#FFFFFF1A;border-radius:20px 20px 20px 20px;box-shadow:0px 0px 33px 24px rgba(255, 255, 255, 0.13);}.elementor-1017 .elementor-element.elementor-element-bf3d44c.elementor-element{--align-self:center;}.elementor-1017 .elementor-element.elementor-element-f2a45c7{--display:flex;}.elementor-1017 .elementor-element.elementor-element-f2a45c7:not(.elementor-motion-effects-element-type-background), .elementor-1017 .elementor-element.elementor-element-f2a45c7 > .elementor-motion-effects-container > .elementor-motion-effects-layer{background-image:url(\"https:\/\/ge401ge402.bilkent.edu.tr\/Respira\/wp-content\/uploads\/2026\/03\/Gemini_Generated_Image_xjw3vzxjw3vzxjw3.png\");background-position:center center;background-size:cover;}.elementor-1017 .elementor-element.elementor-element-8d70d33{--display:flex;}body.elementor-page-1017:not(.elementor-motion-effects-element-type-background), body.elementor-page-1017 > .elementor-motion-effects-container > .elementor-motion-effects-layer{background-color:#000000;}@media(max-width:1024px){.elementor-1017 .elementor-element.elementor-element-f5d0a4e{--container-widget-width:577px;--container-widget-flex-grow:0;width:var( --container-widget-width, 577px );max-width:577px;}}@media(min-width:768px){.elementor-1017 .elementor-element.elementor-element-0eb0c30{--width:50%;}}@media(max-width:1366px) and (min-width:768px){.elementor-1017 .elementor-element.elementor-element-0eb0c30{--width:609.672px;}}@media(max-width:767px){.elementor-1017 .elementor-element.elementor-element-0eb0c30{--min-height:100vh;}.elementor-1017 .elementor-element.elementor-element-89da787{--min-height:0vh;}.elementor-1017 .elementor-element.elementor-element-89da787:not(.elementor-motion-effects-element-type-background), .elementor-1017 .elementor-element.elementor-element-89da787 > .elementor-motion-effects-container > .elementor-motion-effects-layer{background-image:url(\"https:\/\/ge401ge402.bilkent.edu.tr\/Respira\/wp-content\/uploads\/2026\/03\/Gemini_Generated_Image_xjw3vzxjw3vzxjw3.png\");}.elementor-1017 .elementor-element.elementor-element-f5d0a4e .jeg-elementor-kit.jkit-animated-text .animated-text .normal-text{font-size:30px;}.elementor-1017 .elementor-element.elementor-element-f5d0a4e .jeg-elementor-kit.jkit-animated-text .animated-text .dynamic-text{font-size:30px;}.elementor-1017 .elementor-element.elementor-element-f5d0a4e{margin:0px 0px calc(var(--kit-widget-spacing, 0px) + 0px) 0px;padding:0px 0px 0px 0px;--container-widget-width:1000px;--container-widget-flex-grow:0;width:var( --container-widget-width, 1000px );max-width:1000px;}.elementor-1017 .elementor-element.elementor-element-bf3d44c > .elementor-widget-container{padding:0px 0px 0px 0px;}.elementor-1017 .elementor-element.elementor-element-bf3d44c{width:auto;max-width:auto;}}<\/style>\t\t<div data-elementor-type=\"wp-page\" data-elementor-id=\"1017\" class=\"elementor elementor-1017\">\n\t\t\t\t<div class=\"elementor-element elementor-element-472d102 e-con-full contact-page-wrapper e-flex e-con e-parent\" data-id=\"472d102\" data-element_type=\"container\" data-e-type=\"container\">\n\t\t<div class=\"elementor-element elementor-element-0eb0c30 e-con-full e-flex e-con e-child\" data-id=\"0eb0c30\" data-element_type=\"container\" data-e-type=\"container\">\n\t\t<div class=\"elementor-element elementor-element-89da787 e-con-full e-flex e-con e-child\" data-id=\"89da787\" data-element_type=\"container\" data-e-type=\"container\" data-settings=\"{&quot;background_background&quot;:&quot;classic&quot;}\">\n\t\t\t\t<div class=\"elementor-element elementor-element-f5d0a4e elementor-widget__width-initial elementor-invisible elementor-widget elementor-widget-jkit_animated_text\" data-id=\"f5d0a4e\" data-element_type=\"widget\" data-e-type=\"widget\" data-settings=\"{&quot;_animation&quot;:&quot;fadeInUp&quot;}\" data-widget_type=\"jkit_animated_text.default\">\n\t\t\t\t\t<div  class=\"jeg-elementor-kit jkit-animated-text jeg_module___69e0c15cc4e3f\"  data-style=\"none\"><p class=\"animated-text\"><span class=\"normal-text style-color\">Contact <\/span><span class=\"dynamic-wrapper style-gradient\"><span class=\"dynamic-text\">Us<\/span><\/span><span class=\"normal-text style-color\"><\/span><\/p><\/div>\t\t\t\t<\/div>\n\t\t\t\t<\/div>\n\t\t\t\t<div class=\"elementor-element elementor-element-bf3d44c elementor-widget-mobile__width-auto elementor-widget elementor-widget-wpforms\" data-id=\"bf3d44c\" data-element_type=\"widget\" data-e-type=\"widget\" data-widget_type=\"wpforms.default\">\n\t\t\t\t<div class=\"elementor-widget-container\">\n\t\t\t\t\t<div class=\"wpforms-container wpforms-container-full wpforms-render-modern\" id=\"wpforms-1048\"><form id=\"wpforms-form-1048\" class=\"wpforms-validate wpforms-form wpforms-ajax-form\" data-formid=\"1048\" method=\"post\" enctype=\"multipart\/form-data\" action=\"\/Respira\/index.php\/wp-json\/wp\/v2\/pages\/1017\" data-token=\"9da7d26afac61abd4f531a3bca4122b8\" data-token-time=\"1776337244\"><noscript class=\"wpforms-error-noscript\">Please enable JavaScript in your browser to complete this form.<\/noscript><div id=\"wpforms-error-noscript\" style=\"display: none;\">Please enable JavaScript in your browser to complete this form.<\/div><div class=\"wpforms-field-container\">\t\t<div id=\"wpforms-1048-field_4-container\"\n\t\t\tclass=\"wpforms-field wpforms-field-text\"\n\t\t\tdata-field-type=\"text\"\n\t\t\tdata-field-id=\"4\"\n\t\t\t>\n\t\t\t<label class=\"wpforms-field-label\" for=\"wpforms-1048-field_4\" >Email Message or<\/label>\n\t\t\t<input type=\"text\" id=\"wpforms-1048-field_4\" class=\"wpforms-field-medium\" name=\"wpforms[fields][4]\" >\n\t\t<\/div>\n\t\t<div id=\"wpforms-1048-field_1-container\" class=\"wpforms-field wpforms-field-name\" data-field-id=\"1\"><fieldset><legend class=\"wpforms-field-label\">Name <span class=\"wpforms-required-label\" aria-hidden=\"true\">*<\/span><\/legend><div class=\"wpforms-field-row wpforms-field-medium\"><div class=\"wpforms-field-row-block wpforms-first wpforms-one-half\"><input type=\"text\" id=\"wpforms-1048-field_1\" class=\"wpforms-field-name-first wpforms-field-required\" name=\"wpforms[fields][1][first]\" aria-errormessage=\"wpforms-1048-field_1-error\" required><label for=\"wpforms-1048-field_1\" class=\"wpforms-field-sublabel after\">First<\/label><\/div><div class=\"wpforms-field-row-block wpforms-one-half\"><input type=\"text\" id=\"wpforms-1048-field_1-last\" class=\"wpforms-field-name-last wpforms-field-required\" name=\"wpforms[fields][1][last]\" aria-errormessage=\"wpforms-1048-field_1-last-error\" required><label for=\"wpforms-1048-field_1-last\" class=\"wpforms-field-sublabel after\">Last<\/label><\/div><\/div><\/fieldset><\/div><div id=\"wpforms-1048-field_2-container\" class=\"wpforms-field wpforms-field-email\" data-field-id=\"2\"><label class=\"wpforms-field-label\" for=\"wpforms-1048-field_2\">Email <span class=\"wpforms-required-label\" aria-hidden=\"true\">*<\/span><\/label><input type=\"email\" id=\"wpforms-1048-field_2\" class=\"wpforms-field-medium wpforms-field-required\" name=\"wpforms[fields][2]\" spellcheck=\"false\" aria-errormessage=\"wpforms-1048-field_2-error\" required><\/div><div id=\"wpforms-1048-field_3-container\" class=\"wpforms-field wpforms-field-textarea\" data-field-id=\"3\"><label class=\"wpforms-field-label\" for=\"wpforms-1048-field_3\">Comment or Message<\/label><textarea id=\"wpforms-1048-field_3\" class=\"wpforms-field-medium\" name=\"wpforms[fields][3]\" aria-errormessage=\"wpforms-1048-field_3-error\" ><\/textarea><\/div><script>\n\t\t\t\t( function() {\n\t\t\t\t\tconst style = document.createElement( 'style' );\n\t\t\t\t\tstyle.appendChild( document.createTextNode( '#wpforms-1048-field_4-container { position: absolute !important; overflow: hidden !important; display: inline !important; height: 1px !important; width: 1px !important; z-index: -1000 !important; padding: 0 !important; } #wpforms-1048-field_4-container input { visibility: hidden; } #wpforms-conversational-form-page #wpforms-1048-field_4-container label { counter-increment: none; }' ) );\n\t\t\t\t\tdocument.head.appendChild( style );\n\t\t\t\t\tdocument.currentScript?.remove();\n\t\t\t\t} )();\n\t\t\t<\/script><\/div><!-- .wpforms-field-container --><div class=\"wpforms-submit-container\" ><input type=\"hidden\" name=\"wpforms[id]\" value=\"1048\"><input type=\"hidden\" name=\"page_title\" value=\"\"><input type=\"hidden\" name=\"page_url\" value=\"https:\/\/ge401ge402.bilkent.edu.tr\/Respira\/index.php\/wp-json\/wp\/v2\/pages\/1017\"><input type=\"hidden\" name=\"url_referer\" value=\"\"><button type=\"submit\" name=\"wpforms[submit]\" id=\"wpforms-submit-1048\" class=\"wpforms-submit\" data-alt-text=\"Sending...\" data-submit-text=\"Submit\" aria-live=\"assertive\" value=\"wpforms-submit\">Submit<\/button><img decoding=\"async\" src=\"https:\/\/ge401ge402.bilkent.edu.tr\/Respira\/wp-content\/plugins\/wpforms-lite\/assets\/images\/submit-spin.svg\" class=\"wpforms-submit-spinner\" style=\"display: none;\" width=\"26\" height=\"26\" alt=\"Loading\"><\/div><\/form><\/div>  <!-- .wpforms-container -->\t\t\t\t<\/div>\n\t\t\t\t<\/div>\n\t\t\t\t<\/div>\n\t\t<div class=\"elementor-element elementor-element-f2a45c7 e-flex e-con-boxed e-con e-child\" data-id=\"f2a45c7\" data-element_type=\"container\" data-e-type=\"container\" data-settings=\"{&quot;background_background&quot;:&quot;classic&quot;}\">\n\t\t\t\t\t<div class=\"e-con-inner\">\n\t\t\t\t\t<\/div>\n\t\t\t\t<\/div>\n\t\t\t\t<\/div>\n\t\t<div class=\"elementor-element elementor-element-8d70d33 e-flex e-con-boxed e-con e-parent\" data-id=\"8d70d33\" data-element_type=\"container\" data-e-type=\"container\">\n\t\t\t\t\t<div class=\"e-con-inner\">\n\t\t\t\t<div class=\"elementor-element elementor-element-d979a0f elementor-widget elementor-widget-html\" data-id=\"d979a0f\" data-element_type=\"widget\" data-e-type=\"widget\" data-widget_type=\"html.default\">\n\t\t\t\t\t<style>\n\n\n\/* Kapsay\u0131c\u0131n\u0131n ta\u015fmas\u0131n\u0131 engelle, tam ekrana zorla *\/\n.contact-page-wrapper {\n    width: 100vw !important;\n    max-width: 100% !important;\n    height: 100vh !important;\n    margin: 0 !important;\n    padding: 0 !important;\n    box-sizing: border-box !important;\n}\n\n\/* =========================================================\n   2. WPFORMS GENEL & ET\u0130KETLER (INTER FONTU & BEYAZ)\n   ========================================================= *\/\ndiv.wpforms-container-full {\n    width: 80% !important; \n    margin: 0 auto !important; \n}\n\ndiv.wpforms-container-full .wpforms-form * {\n    font-family: 'Inter', sans-serif !important;\n}\n\ndiv.wpforms-container-full .wpforms-form .wpforms-field-label {\n    color: #d2d7df !important;\n    font-size: 14px !important;\n    font-weight: 500 !important;\n    margin-bottom: 8px !important;\n    text-shadow: 0px 2px 4px rgba(0, 0, 0, 0.4) !important;\n}\n\ndiv.wpforms-container-full .wpforms-form .wpforms-field {\n    margin-bottom: 10px !important;\n}\n\n\/* =========================================================\n   3. WPFORMS KUTUCUKLARI (20px L\u0130QU\u0130D GLASS & BEMBEYAZ YAZI)\n   ========================================================= *\/\n\/* Se\u00e7iciyi geni\u015flettik, t\u00fcm inputlar\u0131 kaps\u0131yor *\/\ndiv.wpforms-container-full .wpforms-form .wpforms-field input,\ndiv.wpforms-container-full .wpforms-form .wpforms-field textarea {\n    \n    background: rgba(255, 255, 255, 0.01) !important;\n    backdrop-filter: blur(7px) saturate(200%) !important;\n    -webkit-backdrop-filter: blur(7px) saturate(200%);\n    \n    border: 1px solid rgba(255, 255, 255, 0.1) !important;\n    border-radius: 20px !important; \n    box-shadow: inset 0 0 0 1px rgba(255, 255, 255, 0.05) !important;\n    \n    \/* YAZI RENG\u0130N\u0130 KES\u0130N BEYAZA ZORLAYAN KODLAR *\/\n    color: #ffffff !important; \n    -webkit-text-fill-color: #ffffff !important; \/* Mac\/Safari inad\u0131n\u0131 k\u0131rar *\/\n    \n    font-size: 14px !important;\n    padding: 16px 20px !important;\n    width: 100% !important;\n    box-sizing: border-box !important;\n    transition: all 0.3s ease !important;\n}\n\n\/* Placeholder (Arkada duran soluk yaz\u0131) *\/\ndiv.wpforms-container-full .wpforms-form .wpforms-field input::placeholder,\ndiv.wpforms-container-full .wpforms-form .wpforms-field textarea::placeholder {\n    color: rgba(255, 255, 255, 0.4) !important;\n    -webkit-text-fill-color: rgba(255, 255, 255, 0.4) !important;\n}\n\n\/* Kutuya t\u0131kland\u0131\u011f\u0131nda (Yaz\u0131 yazarken) beyaz kalmas\u0131n\u0131 garantile *\/\ndiv.wpforms-container-full .wpforms-form .wpforms-field input:focus,\ndiv.wpforms-container-full .wpforms-form .wpforms-field textarea:focus,\ndiv.wpforms-container-full .wpforms-form .wpforms-field input:active,\ndiv.wpforms-container-full .wpforms-form .wpforms-field textarea:active {\n    background: rgba(255, 255, 255, 0.04) !important;\n    border-color: rgba(255, 255, 255, 0.3) !important;\n    outline: none !important;\n    color: #ffffff !important;\n    -webkit-text-fill-color: #ffffff !important; \n}\n\n\/* =========================================================\n   4. WPFORMS G\u00d6NDER BUTONU (100px L\u0130QU\u0130D GLASS)\n   ========================================================= *\/\ndiv.wpforms-container-full .wpforms-form .wpforms-submit {\n    background: rgba(255, 255, 255, 0.01) !important; \n    backdrop-filter: blur(7px) saturate(110%) !important;\n    -webkit-backdrop-filter: blur(7px) saturate(110%);\n    \n    border: 1px solid rgba(255, 255, 255, 0.1) !important;\n    border-radius: 100px !important; \n    box-shadow: inset 0 0 0 1px rgba(255, 255, 255, 0.05), 0 4px 15px rgba(0, 0, 0, 0.05) !important;\n    \n    color: #d2d7df !important;\n    font-size: 15px !important;\n    font-weight: 400 !important;\n    padding: 15px 40px !important;\n    text-shadow: 0px 2px 4px rgba(0, 0, 0, 0.4) !important; \n    transition: all 0.3s ease, text-shadow 0.3s ease !important;\n    cursor: pointer;\n    width: auto !important;\n    display: inline-block !important;\n}\n\ndiv.wpforms-container-full .wpforms-form .wpforms-submit:hover {\n    background: rgba(8, 204, 23, 0.1) !important; \n    transform: translateY(-2px);\n    text-shadow: 0px 4px 8px rgba(0, 0, 0, 0.5), 0px 0px 10px rgba(255, 255, 255, 0.5) !important; \n}\n\n\/* =========================================================\n   5. BA\u015eARI MESAJI (YE\u015e\u0130L KUTUYU SIVI CAMA \u00c7EV\u0130RME)\n   ========================================================= *\/\ndiv.wpforms-confirmation-container-full,\ndiv.wpforms-confirmation-container-full p {\n    background: rgba(8, 204, 23, 0.1) !important;\n    backdrop-filter: blur(7px) saturate(200%) !important;\n    -webkit-backdrop-filter: blur(7px) saturate(200%);\n    \n    border: 1px solid rgba(255, 255, 255, 0.1) !important;\n    border-radius: 20px !important;\n    box-shadow: inset 0 0 0 1px rgba(255, 255, 255, 0.05), 0 8px 32px 0 rgba(0, 0, 0, 0.1) !important;\n    \n    color: #ffffff !important;\n    font-family: 'Inter', sans-serif !important;\n    font-size: 18px !important;\n    font-weight: 300 !important;\n    text-align: center !important;\n    padding: 40px !important;\n    width: 80% !important;\n    margin: 0 auto !important;\n    text-shadow: 0px 2px 4px rgba(0, 0, 0, 0.4) !important;\n}\n<\/style>\t\t\t\t<\/div>\n\t\t\t\t\t<\/div>\n\t\t\t\t<\/div>\n\t\t\t\t<\/div>\n\t\t","protected":false},"excerpt":{"rendered":"<p>Contact Us Please enable JavaScript in your browser to complete this form.Please enable JavaScript in your browser to complete this form. Name * FirstLast Email *Comment or Message Submit<\/p>\n","protected":false},"author":1,"featured_media":0,"parent":0,"menu_order":0,"comment_status":"closed","ping_status":"closed","template":"elementor_header_footer","meta":{"postBodyCss":"","postBodyMargin":[],"postBodyPadding":[],"postBodyBackground":{"backgroundType":"classic","gradient":""},"footnotes":""},"class_list":["post-1017","page","type-page","status-publish","hentry"],"_links":{"self":[{"href":"https:\/\/ge401ge402.bilkent.edu.tr\/Respira\/index.php\/wp-json\/wp\/v2\/pages\/1017","targetHints":{"allow":["GET"]}}],"collection":[{"href":"https:\/\/ge401ge402.bilkent.edu.tr\/Respira\/index.php\/wp-json\/wp\/v2\/pages"}],"about":[{"href":"https:\/\/ge401ge402.bilkent.edu.tr\/Respira\/index.php\/wp-json\/wp\/v2\/types\/page"}],"author":[{"embeddable":true,"href":"https:\/\/ge401ge402.bilkent.edu.tr\/Respira\/index.php\/wp-json\/wp\/v2\/users\/1"}],"replies":[{"embeddable":true,"href":"https:\/\/ge401ge402.bilkent.edu.tr\/Respira\/index.php\/wp-json\/wp\/v2\/comments?post=1017"}],"version-history":[{"count":91,"href":"https:\/\/ge401ge402.bilkent.edu.tr\/Respira\/index.php\/wp-json\/wp\/v2\/pages\/1017\/revisions"}],"predecessor-version":[{"id":1430,"href":"https:\/\/ge401ge402.bilkent.edu.tr\/Respira\/index.php\/wp-json\/wp\/v2\/pages\/1017\/revisions\/1430"}],"wp:attachment":[{"href":"https:\/\/ge401ge402.bilkent.edu.tr\/Respira\/index.php\/wp-json\/wp\/v2\/media?parent=1017"}],"curies":[{"name":"wp","href":"https:\/\/api.w.org\/{rel}","templated":true}]}}